{"id":51648,"date":"2021-02-26T12:45:52","date_gmt":"2021-02-26T12:45:52","guid":{"rendered":"https:\/\/mahogany.mu\/?page_id=51648"},"modified":"2021-03-02T04:36:47","modified_gmt":"2021-03-02T04:36:47","slug":"politique-de-confidentialite","status":"publish","type":"page","link":"https:\/\/mahogany.mu\/fr\/politique-de-confidentialite\/","title":{"rendered":"Politique de confidentialit\u00e9"},"content":{"rendered":"<div data-elementor-type=\"wp-page\" data-elementor-id=\"51648\" class=\"elementor elementor-51648\" data-elementor-post-type=\"page\">\n\t\t\t\t\t\t<section class=\"elementor-section elementor-top-section elementor-element elementor-element-edd6518 elementor-section-boxed elementor-section-height-default elementor-section-height-default\" data-id=\"edd6518\" data-element_type=\"section\" data-e-type=\"section\">\n\t\t\t\t\t\t<div class=\"elementor-container elementor-column-gap-default\">\n\t\t\t\t\t<div class=\"elementor-column elementor-col-100 elementor-top-column elementor-element elementor-element-40e614f\" data-id=\"40e614f\" data-element_type=\"column\" data-e-type=\"column\">\n\t\t\t<div class=\"elementor-widget-wrap elementor-element-populated\">\n\t\t\t\t\t\t<div class=\"elementor-element elementor-element-b11340e elementor-widget elementor-widget-text-editor\" data-id=\"b11340e\" data-element_type=\"widget\" data-e-type=\"widget\" data-widget_type=\"text-editor.default\">\n\t\t\t\t<div class=\"elementor-widget-container\">\n\t\t\t\t\t\t\t\t\t<h2>Cadre<\/h2><p>Cette politique de confidentialit\u00e9 s\u2019applique au site Web de Beau Plan Retail Park Ltd , filiale de Novaterra Ltd., pour le compte de ses activit\u00e9s immobili\u00e8res op\u00e9rant sous le nom de Mahogany Shopping Promenade, sur le nom de domaine www.mahogany.mu (\u201cSite Web\u201d).<\/p><p>Beau Plan Retail Park Ltd prend votre vie priv\u00e9e au s\u00e9rieux. La politique de confidentialit\u00e9 de ce site Web publi\u00e9e par Beau Plan Retail Park Ltd (\u201cPolitique de confidentialit\u00e9\u201d) porte sur la collecte, le traitement et toute autre utilisation de donn\u00e9es \u00e0 caract\u00e8re personnel en vertu du Data Protection Act 2017 de l\u2019\u00eele Maurice (\u201cDPA\u201d) et du R\u00e8glement g\u00e9n\u00e9ral sur la protection des donn\u00e9es de l\u2019Union Europ\u00e9enne 2016\/679 (\u201cGDPR\u201d) et en lien avec les informations que vous avez fournies en acc\u00e9dant \u00e0 ce site Web.<\/p><p>En acc\u00e9dant \u00e0 ce site Web, vous acceptez cette politique de confidentialit\u00e9 et consentez \u00e0 la collecte, au stockage, \u00e0 l\u2019utilisation et \u00e0 la divulgation de vos informations personnelles.<\/p><h2>Informations collect\u00e9es<\/h2><p>Nous recueillons des informations lorsque vous envoyez une demande via le formulaire en ligne de notre site, lorsque vous vous inscrivez sur le site, lorsque vous envoyez votre candidature \u00e0 un poste ou par le biais de cookies (voir d\u00e9tails ci-dessous).<br \/>Lorsque vous compl\u00e9tez notre formulaire de contact en ligne, vous pouvez \u00eatre invit\u00e9 \u00e0 entrer votre nom, votre adresse e-mail, votre adresse postale, votre num\u00e9ro de t\u00e9l\u00e9phone ou toute autre information appropri\u00e9e.<\/p><h2>Utilisation de vos informations<\/h2><p>Les informations recueillies seront utilis\u00e9es pour r\u00e9pondre aux demandes de renseignements en temps opportun, traiter les demandes re\u00e7ues via nos formulaires ou personnaliser votre exp\u00e9rience de navigation. L\u2019int\u00e9gralit\u00e9 des donn\u00e9es personnelles collect\u00e9es ne seront utilis\u00e9es qu\u2019aux fins initialement pr\u00e9vues.<\/p><p>Vous acceptez \u00e9galement de recevoir des informations de Beau Plan Retail Park Ltd.<\/p><p>Veuillez noter que toutes les informations personnelles que nous collectons sur vous pourront \u00eatre conserv\u00e9es pendant une p\u00e9riode d\u00e9termin\u00e9e avant d\u2019\u00eatre supprim\u00e9es conform\u00e9ment aux dispositions du DPA, \u00e0 moins que vous ne fassiez la demande de suppression de ces donn\u00e9es en contactant directement notre Data Protection Officer (\u201cDPO\u201d) par courrier, Business Park, Beau Plan, Pamplemousses, 21001, Maurice<\/p><p>Beau Plan Retail Park Ltd pourra transmettre les informations recueillies vous concernant \u00e0 des personnes travaillant au sein d\u2019entreprises du groupe, et ce afin de mieux r\u00e9pondre \u00e0 votre demande ou de traiter une candidature.<\/p><h2>Divulgation de vos informations<\/h2><p>Vos informations personnelles ne seront pas divulgu\u00e9es \u00e0 d\u2019autres organisations ou aux autorit\u00e9s, sauf dans le cas o\u00f9 les proc\u00e9dures \u00e9num\u00e9r\u00e9es dans le DPA auraient \u00e9t\u00e9 suivies ou si la loi ou d\u2019autres r\u00e9glementations l\u2019exigent.<\/p><h2>S\u00e9curit\u00e9 de l\u2019information<\/h2><p>La transmission de donn\u00e9es via Internet ou par e-mail n\u2019est pas enti\u00e8rement s\u00e9curis\u00e9e. Bien que nous nous efforcions de prot\u00e9ger au mieux vos donn\u00e9es personnelles, nous ne pouvons pas garantir la s\u00e9curit\u00e9 des donn\u00e9es que vous transmettez sur notre site. Une telle transmission s\u2019effectue \u00e0 vos propres risques.<\/p><p>Apr\u00e8s r\u00e9ception de vos donn\u00e9es personnelles, nous utiliserons des proc\u00e9dures strictes et des mesures de s\u00e9curit\u00e9 afin d\u2019emp\u00eacher tout acc\u00e8s non autoris\u00e9 \u00e0 ces donn\u00e9es.<\/p><h2>Cookies<\/h2><p>Nous utilisons des cookies et autres technologies de suivi similaires afin de mesurer l\u2019activit\u00e9 de notre site Web et de conserver certaines informations.<br \/>Les cookies sont de petits fichiers de donn\u00e9es incluant un identifiant unique et anonyme. Les cookies sont envoy\u00e9s \u00e0 votre navigateur depuis un site Web, puis stock\u00e9s sur votre appareil.<br \/>Vous pouvez configurer votre navigateur afin de refuser les cookies ou d\u2019\u00eatre inform\u00e9 de l\u2019envoi d\u2019un cookie. Toutefois, si vous n\u2019acceptez pas les cookies, vous ne pourrez peut-\u00eatre pas utiliser certaines sections de notre site Web.<\/p><h2>Confidentialit\u00e9<\/h2><p>Tous les employ\u00e9s de Beau Plan Retail Park Ltd, incluant les employ\u00e9s de ses soci\u00e9t\u00e9s affili\u00e9es ou entit\u00e9s commerciales, ayant acc\u00e8s ou \u00e9tant li\u00e9s au traitement des donn\u00e9es \u00e0 caract\u00e8re personnel, sont l\u00e9galement tenus de respecter la confidentialit\u00e9 desdites donn\u00e9es collect\u00e9es via le site Web, conform\u00e9ment au DPA.<\/p><h2>Acc\u00e8s \u00e0 vos donn\u00e9es personnelles<\/h2><p>Vous pouvez \u00e0 tout moment contacter Beau Plan Retail Park Ltd pour savoir si nous d\u00e9tenons vos donn\u00e9es personnelles. Vous pouvez aussi prendre contact avec notre Data Protection Officer sur l\u2019e-mail dpo@terra.co.mu ou par courrier \u00e0 l\u2019adresse suivante : Beau Plan Retail Park Ltd, Beau Plan Business Park, Beau Plan, Pamplemousses, 21001, Maurice.<\/p><p>Veuillez noter que Beau Plan Retail Park Ltd pourra exiger, s\u2019il y a lieu, une preuve de votre identit\u00e9 avant d\u2019examiner votre demande. Une fois toutes les conditions remplies, Beau Plan Retail Park Ltd s\u2019efforcera de vous fournir sans frais une copie des donn\u00e9es \u00e0 caract\u00e8re personnel vous concernant, dans la mesure du possible.<\/p><p>Vous avez \u00e9galement le droit de modifier les autorisations que vous nous avez accord\u00e9es en ce qui concerne la mani\u00e8re dont nous traitons vos donn\u00e9es personnelles. Vous avez \u00e9galement le droit de demander la suppression de toutes les donn\u00e9es personnelles que nous d\u00e9tenons sur vous. Vous pouvez exercer ces droits \u00e0 tout moment en contactant notre Data Protection Officer.<\/p><p>De m\u00eame, Beau Plan Retail Park Ltd vous donne la possibilit\u00e9 de rectifier et de modifier toutes les donn\u00e9es que vous jugeriez inexactes.<\/p><h2>Vie priv\u00e9e des enfants<\/h2><p>Beau Plan Retail Park Ltd ne collecte pas sciemment des informations personnellement identifiables aupr\u00e8s de personnes de moins de 18 ans (\u201cEnfants\u201d). Si vous \u00eates un parent ou un tuteur et que vous savez que vos enfants nous ont fourni des donn\u00e9es personnelles, veuillez contacter notre Data Protection Officer.<\/p><p>Si nous apprenons que nous avons recueilli des donn\u00e9es personnelles aupr\u00e8s d\u2019enfants sans v\u00e9rification du consentement parental, nous prenons des mesures pour retirer ces informations de nos serveurs.<\/p><h2>Politique de confidentialit\u00e9 portant uniquement sur le site Web<\/h2><p>Cette politique de confidentialit\u00e9 s\u2019applique uniquement aux informations collect\u00e9es via notre site Web, et non aux informations collect\u00e9es hors connexion ou par d\u2019autres moyens.<\/p><h2>Liens vers d\u2019autres sites<\/h2><p>Notre site Web peut contenir des liens vers d\u2019autres sites Web que nous n\u2019exploitons pas. En cliquant sur le lien d\u2019un tiers, vous serez redirig\u00e9 vers le site Web de ce tiers. Nous vous conseillons vivement de consulter la politique de confidentialit\u00e9 de chaque site Web que vous visitez.<br \/>Nous n\u2019avons aucun contr\u00f4le sur, et n\u2019assumons aucune responsabilit\u00e9 pour le contenu, les politiques de confidentialit\u00e9 ou les pratiques de sites Web tiers, m\u00eame s\u2019ils figurent sur notre site Web.<\/p><h2>Cadre juridique<\/h2><p>Cette politique de confidentialit\u00e9 est r\u00e9gie par les lois de la R\u00e9publique de Maurice, incluant le DPA et toute autre l\u00e9gislation et r\u00e9glementation pertinente.<\/p><h2>Changements relatifs \u00e0 notre politique de confidentialit\u00e9<\/h2><p>Nous pouvons r\u00e9guli\u00e8rement mettre \u00e0 jour notre politique de confidentialit\u00e9. Toutes les modifications seront d\u00e9taill\u00e9es lors de la publication de la nouvelle politique de confidentialit\u00e9 sur notre site Web.<\/p><p>Nous vous conseillons de consulter p\u00e9riodiquement cette politique de confidentialit\u00e9 pour vous tenir inform\u00e9 de tout changement. Les modifications apport\u00e9es \u00e0 cette politique de confidentialit\u00e9 entreront en vigueur \u00e0 compter de leur date de publication sur le site Web.<\/p><h2>Contactez-nous<\/h2><p>Si vous avez des questions concernant cette politique de confidentialit\u00e9, veuillez contacter notre Data Protection Officer par e-mail sur dpo@terra.co.mu ou par courrier \u00e0 l\u2019adresse suivante : Data Protection Officer, Beau Plan Business Park, Beau Plan, Pamplemousses, 21001, Maurice<\/p><p>\u00a0<\/p><p>Derni\u00e8re mise \u00e0 jour : 08\/05\/2019<br \/>Version : 1.0<\/p>\t\t\t\t\t\t\t\t<\/div>\n\t\t\t\t<\/div>\n\t\t\t\t\t<\/div>\n\t\t<\/div>\n\t\t\t\t\t<\/div>\n\t\t<\/section>\n\t\t\t\t<\/div>","protected":false},"excerpt":{"rendered":"<p>Cadre Cette politique de confidentialit\u00e9 s\u2019applique au site Web de Beau Plan Retail Park Ltd , filiale de Novaterra Ltd., pour le compte de ses activit\u00e9s immobili\u00e8res op\u00e9rant sous le nom de Mahogany Shopping Promenade, sur le nom de domaine www.mahogany.mu (\u201cSite Web\u201d). Beau Plan Retail Park Ltd prend votre vie priv\u00e9e au s\u00e9rieux. La&hellip;<\/p>","protected":false},"author":12,"featured_media":0,"parent":0,"menu_order":0,"comment_status":"closed","ping_status":"closed","template":"","meta":{"_acf_changed":false,"_seopress_robots_primary_cat":"","_seopress_titles_title":"Politique de confidentialit\u00e9 %%sep%% %%sitetitle%%","_seopress_titles_desc":"Cette politique de confidentialit\u00e9 s\u2019applique au site Web de Beau Plan Retail Park Ltd , filiale de Novaterra Ltd.","_seopress_robots_index":"","_seopress_analysis_target_kw":"","footnotes":""},"class_list":["post-51648","page","type-page","status-publish","hentry"],"acf":[],"_links":{"self":[{"href":"https:\/\/mahogany.mu\/fr\/wp-json\/wp\/v2\/pages\/51648","targetHints":{"allow":["GET"]}}],"collection":[{"href":"https:\/\/mahogany.mu\/fr\/wp-json\/wp\/v2\/pages"}],"about":[{"href":"https:\/\/mahogany.mu\/fr\/wp-json\/wp\/v2\/types\/page"}],"author":[{"embeddable":true,"href":"https:\/\/mahogany.mu\/fr\/wp-json\/wp\/v2\/users\/12"}],"replies":[{"embeddable":true,"href":"https:\/\/mahogany.mu\/fr\/wp-json\/wp\/v2\/comments?post=51648"}],"version-history":[{"count":0,"href":"https:\/\/mahogany.mu\/fr\/wp-json\/wp\/v2\/pages\/51648\/revisions"}],"wp:attachment":[{"href":"https:\/\/mahogany.mu\/fr\/wp-json\/wp\/v2\/media?parent=51648"}],"curies":[{"name":"wp","href":"https:\/\/api.w.org\/{rel}","templated":true}]}}